{"id":2836,"date":"2023-02-06T09:24:20","date_gmt":"2023-02-06T14:24:20","guid":{"rendered":"https:\/\/madeco.ca\/royalstmartin\/?page_id=2836"},"modified":"2026-01-06T13:25:33","modified_gmt":"2026-01-06T13:25:33","slug":"accueil02","status":"publish","type":"page","link":"https:\/\/madeco.ca\/royalstmartin\/","title":{"rendered":"Accueil"},"content":{"rendered":"<div class=\"mcb-wrap-inner\">\n<div class=\"column mcb-column one column_column column-margin-\">\n<div class=\"column_attr clearfix animate fadeIn\" data-anim-type=\"fadeIn\">\n<h3><b>Des maisons unifamiliales neuves \u00e0 Chomedey Laval \u00e0 voir absolument!<\/b><\/h3>\n<p>Des maisons unifamiliales, d\u2019un style moderne et \u00e9l\u00e9gant, cr\u00e9\u00e9es tout sp\u00e9cialement pour vous dans un quartier familial tr\u00e8s pris\u00e9 de Laval. MADECO\u00ae a pens\u00e9 \u00e0 vous, soyez les premiers \u00e0 devenir propri\u00e9taires d&rsquo;une magnifique maison unifamiliale neuve \u00e0 Laval, situ\u00e9e dans la dixi\u00e8me et derni\u00e8re phase du renomm\u00e9 quartier Royal St-Martin \u00e0 Laval, les derni\u00e8res maisons unifamiliales \u00e0 y \u00eatre construites par MADECO\u00ae. Achetez une maison unifamiliale au design actuel \u00e0 un prix tr\u00e8s comp\u00e9titif, sp\u00e9cialement con\u00e7ue pour vous qui d\u00e9sirez acc\u00e9der \u00e0 la propri\u00e9t\u00e9. MADECO, entrepreneur sur la Rive-Nord dont la r\u00e9putation est d\u00e9j\u00e0 bien \u00e9tablie, poss\u00e8de une \u00e9quipe avec laquelle vous aimerez \u00e9changer tout au long de votre processus d\u2019achat.<\/p>\n<\/div>\n<\/div>\n<\/div>\n","protected":false},"excerpt":{"rendered":"<p>Des maisons unifamiliales neuves \u00e0 Chomedey Laval \u00e0 voir absolument! Des maisons unifamiliales, d\u2019un style moderne et \u00e9l\u00e9gant, cr\u00e9\u00e9es tout sp\u00e9cialement pour vous dans un quartier<span class=\"excerpt-hellip\"> [\u2026]<\/span><\/p>\n","protected":false},"author":2,"featured_media":0,"parent":0,"menu_order":0,"comment_status":"open","ping_status":"closed","template":"","meta":[],"_links":{"self":[{"href":"https:\/\/madeco.ca\/royalstmartin\/wp-json\/wp\/v2\/pages\/2836"}],"collection":[{"href":"https:\/\/madeco.ca\/royalstmartin\/wp-json\/wp\/v2\/pages"}],"about":[{"href":"https:\/\/madeco.ca\/royalstmartin\/wp-json\/wp\/v2\/types\/page"}],"author":[{"embeddable":true,"href":"https:\/\/madeco.ca\/royalstmartin\/wp-json\/wp\/v2\/users\/2"}],"replies":[{"embeddable":true,"href":"https:\/\/madeco.ca\/royalstmartin\/wp-json\/wp\/v2\/comments?post=2836"}],"version-history":[{"count":2,"href":"https:\/\/madeco.ca\/royalstmartin\/wp-json\/wp\/v2\/pages\/2836\/revisions"}],"predecessor-version":[{"id":2851,"href":"https:\/\/madeco.ca\/royalstmartin\/wp-json\/wp\/v2\/pages\/2836\/revisions\/2851"}],"wp:attachment":[{"href":"https:\/\/madeco.ca\/royalstmartin\/wp-json\/wp\/v2\/media?parent=2836"}],"curies":[{"name":"wp","href":"https:\/\/api.w.org\/{rel}","templated":true}]}}